{"id":89,"date":"2025-03-05T19:23:07","date_gmt":"2025-03-05T19:23:07","guid":{"rendered":"https:\/\/nimvora.com\/?page_id=89"},"modified":"2025-03-05T19:23:08","modified_gmt":"2025-03-05T19:23:08","slug":"about-us","status":"publish","type":"page","link":"https:\/\/nimvora.com\/cs\/about-us\/","title":{"rendered":"O n\u00e1s"},"content":{"rendered":"<p>V\u00edtejte na Nimvora, va\u0161em specializovan\u00e9m port\u00e1lu pro objevov\u00e1n\u00ed a obohacov\u00e1n\u00ed r\u016fzn\u00fdch aspekt\u016f modern\u00edho \u017eivota. Na\u0161\u00edm posl\u00e1n\u00edm je poskytovat inspirativn\u00ed a praktick\u00fd obsah, kter\u00fd na\u0161im \u010dten\u00e1\u0159\u016fm pom\u016f\u017ee dos\u00e1hnout jejich osobn\u00edch i profesn\u00edch c\u00edl\u016f.<\/p>\n\n\n\n<p>V\u011b\u0159\u00edme, \u017ee sd\u00edlen\u00edm znalost\u00ed a zku\u0161enost\u00ed v\u00e1m m\u016f\u017eeme pomoci zorientovat se ve slo\u017eitostech sou\u010dasn\u00e9ho sv\u011bta a p\u0159ipravit cestu k \u00fasp\u011bchu a napln\u011bn\u00ed.<\/p>\n\n\n\n<h2 class=\"wp-block-heading\">Co nab\u00edz\u00edme<\/h2>\n\n\n\n<h3 class=\"wp-block-heading\">Kari\u00e9ra<\/h3>\n\n\n\n<ul>\n<li>Profesn\u00ed rozvoj: Z\u00edskejte informace o tom, jak si zlep\u0161it dovednosti a postoupit v kari\u00e9\u0159e, s tipy pro zam\u011bstn\u00e1n\u00ed a kari\u00e9ru.<\/li>\n\n\n\n<li>Strategie r\u016fstu: Prozkoumejte efektivn\u00ed taktiky pro pos\u00edlen\u00ed va\u0161\u00ed kari\u00e9ry a dosa\u017een\u00ed va\u0161ich c\u00edl\u016f.<\/li>\n\n\n\n<li>Rovnov\u00e1ha mezi pracovn\u00edm a soukrom\u00fdm \u017eivotem: Objevte zp\u016fsoby, jak sladit sv\u00e9 profesn\u00ed a osobn\u00ed povinnosti pro vyv\u00e1\u017een\u011bj\u0161\u00ed \u017eivot.<\/li>\n<\/ul>\n\n\n\n<h3 class=\"wp-block-heading\">Digit\u00e1ln\u00ed<\/h3>\n\n\n\n<ul>\n<li>Technologick\u00e9 trendy: Z\u016fsta\u0148te v obraze o inovac\u00edch, kter\u00e9 formuj\u00ed digit\u00e1ln\u00ed sv\u011bt.<\/li>\n\n\n\n<li>Online zabezpe\u010den\u00ed: Z\u00edskejte tipy, jak chr\u00e1nit sv\u00e9 soukrom\u00ed a data online.<\/li>\n\n\n\n<li>Digit\u00e1ln\u00ed marketing: Nau\u010dte se strategie pro propagaci va\u0161\u00ed zna\u010dky nebo firmy v online prostoru.<\/li>\n<\/ul>\n\n\n\n<h3 class=\"wp-block-heading\">Inovace<\/h3>\n\n\n\n<ul>\n<li>Technologick\u00fd pokrok: Analyzujeme nejnov\u011bj\u0161\u00ed objevy a jejich dopad na r\u016fzn\u00e1 odv\u011btv\u00ed.<\/li>\n\n\n\n<li>Podnik\u00e1n\u00ed: Podpora vytv\u00e1\u0159en\u00ed inovativn\u00edch \u0159e\u0161en\u00ed pro modern\u00ed v\u00fdzvy.<\/li>\n\n\n\n<li>Udr\u017eitelnost: Diskuse o inovativn\u00edch postupech, kter\u00e9 p\u0159isp\u00edvaj\u00ed k udr\u017eiteln\u011bj\u0161\u00ed budoucnosti.<\/li>\n<\/ul>\n\n\n\n<h3 class=\"wp-block-heading\">\u017divotn\u00ed styl<\/h3>\n\n\n\n<ul>\n<li>Zdrav\u00ed a pohoda: Zab\u00fdv\u00e1 se t\u00e9maty, kter\u00e1 podporuj\u00ed zdrav\u00fd a vyv\u00e1\u017een\u00fd \u017eivot.<\/li>\n\n\n\n<li>Osobn\u00ed rozvoj: Podpora sebeuv\u011bdom\u011bn\u00ed a individu\u00e1ln\u00edho r\u016fstu.<\/li>\n\n\n\n<li>Kultura a voln\u00fd \u010das: Doporu\u010den\u00ed aktivit, kter\u00e9 obohat\u00ed v\u00e1\u0161 kulturn\u00ed \u017eivot a poskytnou v\u00e1m z\u00e1bavu.<\/li>\n<\/ul>\n\n\n\n<h3 class=\"wp-block-heading\">Cestovat<\/h3>\n\n\n\n<ul>\n<li>Tipy pro destinace: P\u0159edstavujeme fascinuj\u00edc\u00ed m\u00edsta k prozkoum\u00e1n\u00ed.<\/li>\n\n\n\n<li>Cestovn\u00ed pr\u016fvodci: Nab\u00edz\u00ed praktick\u00e9 informace, kter\u00e9 v\u00e1m zp\u0159\u00edjemn\u00ed cesty.<\/li>\n\n\n\n<li>M\u00edstn\u00ed zku\u0161enosti: Sd\u00edlen\u00ed poznatk\u016f o tom, jak se pono\u0159it do m\u00edstn\u00ed kultury ka\u017ed\u00e9 destinace.<\/li>\n<\/ul>\n\n\n\n<h2 class=\"wp-block-heading\">Pro\u010d si vybrat n\u00e1s?<\/h2>\n\n\n\n<p>V Nimvora si cen\u00edme personalizovan\u00e9ho obsahu p\u0159izp\u016fsoben\u00e9ho va\u0161im specifick\u00fdm pot\u0159eb\u00e1m. Na rozd\u00edl od jin\u00fdch webov\u00fdch str\u00e1nek se zam\u011b\u0159ujeme na poskytov\u00e1n\u00ed relevantn\u00edch a aktu\u00e1ln\u00edch informac\u00ed, kter\u00e9 skute\u010dn\u011b ovlivn\u00ed v\u00e1\u0161 \u017eivot. N\u00e1\u0161 t\u00fdm se v\u011bnuje v\u00fdzkumu a tvorb\u011b materi\u00e1l\u016f, kter\u00e9 p\u0159in\u00e1\u0161ej\u00ed p\u0159idanou hodnotu a inspiruj\u00ed k pozitivn\u00ed zm\u011bn\u011b.<\/p>\n\n\n\n<h2 class=\"wp-block-heading\">Co n\u00e1s odli\u0161uje?<\/h2>\n\n\n\n<ul>\n<li>Rozmanit\u00fd obsah: Pokr\u00fdv\u00e1me \u0161irokou \u0161k\u00e1lu t\u00e9mat, tak\u017ee si u n\u00e1s najdete u\u017eite\u010dn\u00e9 informace z r\u016fzn\u00fdch oblast\u00ed.<\/li>\n\n\n\n<li>Kvalita a relevance: P\u0159i tvorb\u011b obsahu klademe d\u016fraz na excelenci a db\u00e1me na to, aby ka\u017ed\u00fd \u010dl\u00e1nek byl informativn\u00ed a smyslupln\u00fd.<\/li>\n\n\n\n<li>Zapojen\u00ed komunity: V\u00e1\u017e\u00edme si interakce s na\u0161imi \u010dten\u00e1\u0159i a vytv\u00e1\u0159\u00edme prostor pro vz\u00e1jemn\u00e9 u\u010den\u00ed a kolektivn\u00ed r\u016fst.<\/li>\n<\/ul>\n\n\n\n<h2 class=\"wp-block-heading\">Za\u010dn\u011bme tuto cestu spole\u010dn\u011b<\/h2>\n\n\n\n<p>Jsme nad\u0161eni, \u017ee m\u016f\u017eeme b\u00fdt sou\u010d\u00e1st\u00ed va\u0161\u00ed cesty pln\u00e9 objev\u016f a r\u016fstu. Prozkoumejte na\u0161e \u010dl\u00e1nky, sd\u00edlejte sv\u00e9 zku\u0161enosti a sta\u0148te se sou\u010d\u00e1st\u00ed komunity Nimvora. Kontaktujte n\u00e1s, p\u0159e\u010dt\u011bte si na\u0161e Z\u00e1sady ochrany osobn\u00edch \u00fadaj\u016f pro v\u00edce informac\u00ed nebo si prohl\u00e9dn\u011bte na\u0161e nejnov\u011bj\u0161\u00ed \u010dl\u00e1nky a ud\u011blejte prvn\u00ed krok na sv\u00e9 cest\u011b je\u0161t\u011b dnes!<\/p>","protected":false},"excerpt":{"rendered":"<p>V\u00edtejte na Nimvora, va\u0161em specializovan\u00e9m port\u00e1lu pro objevov\u00e1n\u00ed a obohacov\u00e1n\u00ed r\u016fzn\u00fdch aspekt\u016f modern\u00edho \u017eivota. Na\u0161\u00edm posl\u00e1n\u00edm je poskytovat inspirativn\u00ed a praktick\u00fd obsah, kter\u00fd na\u0161im \u010dten\u00e1\u0159\u016fm pom\u016f\u017ee dos\u00e1hnout jejich osobn\u00edch i profesn\u00edch c\u00edl\u016f. V\u011b\u0159\u00edme, \u017ee sd\u00edlen\u00edm znalost\u00ed a zku\u0161enost\u00ed v\u00e1m m\u016f\u017eeme pomoci orientovat se ve slo\u017eitostech sou\u010dasn\u00e9ho sv\u011bta a [\u2026]<\/p>","protected":false},"author":40,"featured_media":0,"parent":0,"menu_order":0,"comment_status":"closed","ping_status":"closed","template":"","meta":{"_uag_custom_page_level_css":"","site-sidebar-layout":"default","site-content-layout":"","ast-site-content-layout":"","site-content-style":"default","site-sidebar-style":"default","ast-global-header-display":"","ast-banner-title-visibility":"","ast-main-header-display":"","ast-hfb-above-header-display":"","ast-hfb-below-header-display":"","ast-hfb-mobile-header-display":"","site-post-title":"","ast-breadcrumbs-content":"","ast-featured-img":"","footer-sml-layout":"","theme-transparent-header-meta":"","adv-header-id-meta":"","stick-header-meta":"","header-above-stick-meta":"","header-main-stick-meta":"","header-below-stick-meta":"","astra-migrate-meta-layouts":"default","ast-page-background-enabled":"default","ast-page-background-meta":{"desktop":{"background-color":"var(--ast-global-color-4)","background-image":"","background-repeat":"repeat","background-position":"center center","background-size":"auto","background-attachment":"scroll","background-type":"","background-media":"","overlay-type":"","overlay-color":"","overlay-opacity":"","overlay-gradient":""},"tablet":{"background-color":"","background-image":"","background-repeat":"repeat","background-position":"center center","background-size":"auto","background-attachment":"scroll","background-type":"","background-media":"","overlay-type":"","overlay-color":"","overlay-opacity":"","overlay-gradient":""},"mobile":{"background-color":"","background-image":"","background-repeat":"repeat","background-position":"center center","background-size":"auto","background-attachment":"scroll","background-type":"","background-media":"","overlay-type":"","overlay-color":"","overlay-opacity":"","overlay-gradient":""}},"ast-content-background-meta":{"desktop":{"background-color":"var(--ast-global-color-5)","background-image":"","background-repeat":"repeat","background-position":"center center","background-size":"auto","background-attachment":"scroll","background-type":"","background-media":"","overlay-type":"","overlay-color":"","overlay-opacity":"","overlay-gradient":""},"tablet":{"background-color":"var(--ast-global-color-5)","background-image":"","background-repeat":"repeat","background-position":"center center","background-size":"auto","background-attachment":"scroll","background-type":"","background-media":"","overlay-type":"","overlay-color":"","overlay-opacity":"","overlay-gradient":""},"mobile":{"background-color":"var(--ast-global-color-5)","background-image":"","background-repeat":"repeat","background-position":"center center","background-size":"auto","background-attachment":"scroll","background-type":"","background-media":"","overlay-type":"","overlay-color":"","overlay-opacity":"","overlay-gradient":""}},"footnotes":""},"yoast_head":"<!-- This site is optimized with the Yoast SEO plugin v23.3 - https:\/\/yoast.com\/wordpress\/plugins\/seo\/ -->\n<title>About Us - Nimvora<\/title>\n<meta name=\"robots\" content=\"index, follow, max-snippet:-1, max-image-preview:large, max-video-preview:-1\" \/>\n<link rel=\"canonical\" href=\"https:\/\/nimvora.com\/cs\/about-us\/\" \/>\n<meta property=\"og:locale\" content=\"cs_CZ\" \/>\n<meta property=\"og:type\" content=\"article\" \/>\n<meta property=\"og:title\" content=\"About Us - Nimvora\" \/>\n<meta property=\"og:description\" content=\"Welcome to Nimvora, your dedicated portal for exploring and enriching various aspects of modern life. Our mission is to provide inspiring and practical content that empowers our readers to achieve their personal and professional goals. We believe that by sharing knowledge and experiences, we can help you navigate the complexities of the contemporary world and [&hellip;]\" \/>\n<meta property=\"og:url\" content=\"https:\/\/nimvora.com\/cs\/about-us\/\" \/>\n<meta property=\"og:site_name\" content=\"Nimvora\" \/>\n<meta property=\"article:modified_time\" content=\"2025-03-05T19:23:08+00:00\" \/>\n<meta name=\"twitter:card\" content=\"summary_large_image\" \/>\n<meta name=\"twitter:label1\" content=\"Est. reading time\" \/>\n\t<meta name=\"twitter:data1\" content=\"2 minuty\" \/>\n<script type=\"application\/ld+json\" class=\"yoast-schema-graph\">{\"@context\":\"https:\/\/schema.org\",\"@graph\":[{\"@type\":\"WebPage\",\"@id\":\"https:\/\/nimvora.com\/about-us\/\",\"url\":\"https:\/\/nimvora.com\/about-us\/\",\"name\":\"About Us - Nimvora\",\"isPartOf\":{\"@id\":\"https:\/\/nimvora.com\/#website\"},\"datePublished\":\"2025-03-05T19:23:07+00:00\",\"dateModified\":\"2025-03-05T19:23:08+00:00\",\"breadcrumb\":{\"@id\":\"https:\/\/nimvora.com\/about-us\/#breadcrumb\"},\"inLanguage\":\"cs\",\"potentialAction\":[{\"@type\":\"ReadAction\",\"target\":[\"https:\/\/nimvora.com\/about-us\/\"]}]},{\"@type\":\"BreadcrumbList\",\"@id\":\"https:\/\/nimvora.com\/about-us\/#breadcrumb\",\"itemListElement\":[{\"@type\":\"ListItem\",\"position\":1,\"name\":\"Home\",\"item\":\"https:\/\/nimvora.com\/\"},{\"@type\":\"ListItem\",\"position\":2,\"name\":\"About Us\"}]},{\"@type\":\"WebSite\",\"@id\":\"https:\/\/nimvora.com\/#website\",\"url\":\"https:\/\/nimvora.com\/\",\"name\":\"Nimvora\",\"description\":\"\",\"publisher\":{\"@id\":\"https:\/\/nimvora.com\/#organization\"},\"potentialAction\":[{\"@type\":\"SearchAction\",\"target\":{\"@type\":\"EntryPoint\",\"urlTemplate\":\"https:\/\/nimvora.com\/?s={search_term_string}\"},\"query-input\":\"required name=search_term_string\"}],\"inLanguage\":\"cs\"},{\"@type\":\"Organization\",\"@id\":\"https:\/\/nimvora.com\/#organization\",\"name\":\"Nimvora\",\"url\":\"https:\/\/nimvora.com\/\",\"logo\":{\"@type\":\"ImageObject\",\"inLanguage\":\"cs\",\"@id\":\"https:\/\/nimvora.com\/#\/schema\/logo\/image\/\",\"url\":\"https:\/\/nimvora.com\/wp-content\/uploads\/sites\/205\/2025\/12\/cropped-cropped-nv.png\",\"contentUrl\":\"https:\/\/nimvora.com\/wp-content\/uploads\/sites\/205\/2025\/12\/cropped-cropped-nv.png\",\"width\":512,\"height\":512,\"caption\":\"Nimvora\"},\"image\":{\"@id\":\"https:\/\/nimvora.com\/#\/schema\/logo\/image\/\"}}]}<\/script>\n<!-- \/ Yoast SEO plugin. -->","yoast_head_json":{"title":"About Us - Nimvora","robots":{"index":"index","follow":"follow","max-snippet":"max-snippet:-1","max-image-preview":"max-image-preview:large","max-video-preview":"max-video-preview:-1"},"canonical":"https:\/\/nimvora.com\/cs\/about-us\/","og_locale":"cs_CZ","og_type":"article","og_title":"About Us - Nimvora","og_description":"Welcome to Nimvora, your dedicated portal for exploring and enriching various aspects of modern life. Our mission is to provide inspiring and practical content that empowers our readers to achieve their personal and professional goals. We believe that by sharing knowledge and experiences, we can help you navigate the complexities of the contemporary world and [&hellip;]","og_url":"https:\/\/nimvora.com\/cs\/about-us\/","og_site_name":"Nimvora","article_modified_time":"2025-03-05T19:23:08+00:00","twitter_card":"summary_large_image","twitter_misc":{"Est. reading time":"2 minuty"},"schema":{"@context":"https:\/\/schema.org","@graph":[{"@type":"WebPage","@id":"https:\/\/nimvora.com\/about-us\/","url":"https:\/\/nimvora.com\/about-us\/","name":"About Us - Nimvora","isPartOf":{"@id":"https:\/\/nimvora.com\/#website"},"datePublished":"2025-03-05T19:23:07+00:00","dateModified":"2025-03-05T19:23:08+00:00","breadcrumb":{"@id":"https:\/\/nimvora.com\/about-us\/#breadcrumb"},"inLanguage":"cs","potentialAction":[{"@type":"ReadAction","target":["https:\/\/nimvora.com\/about-us\/"]}]},{"@type":"BreadcrumbList","@id":"https:\/\/nimvora.com\/about-us\/#breadcrumb","itemListElement":[{"@type":"ListItem","position":1,"name":"Home","item":"https:\/\/nimvora.com\/"},{"@type":"ListItem","position":2,"name":"About Us"}]},{"@type":"WebSite","@id":"https:\/\/nimvora.com\/#website","url":"https:\/\/nimvora.com\/","name":"Nimvora","description":"","publisher":{"@id":"https:\/\/nimvora.com\/#organization"},"potentialAction":[{"@type":"SearchAction","target":{"@type":"EntryPoint","urlTemplate":"https:\/\/nimvora.com\/?s={search_term_string}"},"query-input":"required name=search_term_string"}],"inLanguage":"cs"},{"@type":"Organization","@id":"https:\/\/nimvora.com\/#organization","name":"Nimvora","url":"https:\/\/nimvora.com\/","logo":{"@type":"ImageObject","inLanguage":"cs","@id":"https:\/\/nimvora.com\/#\/schema\/logo\/image\/","url":"https:\/\/nimvora.com\/wp-content\/uploads\/sites\/205\/2025\/12\/cropped-cropped-nv.png","contentUrl":"https:\/\/nimvora.com\/wp-content\/uploads\/sites\/205\/2025\/12\/cropped-cropped-nv.png","width":512,"height":512,"caption":"Nimvora"},"image":{"@id":"https:\/\/nimvora.com\/#\/schema\/logo\/image\/"}}]}},"uagb_featured_image_src":{"full":false,"thumbnail":false,"medium":false,"medium_large":false,"large":false,"1536x1536":false,"2048x2048":false,"trp-custom-language-flag":false},"uagb_author_info":{"display_name":"pontesingrid25","author_link":"https:\/\/nimvora.com\/cs\/author\/pontesingrid25\/"},"uagb_comment_info":0,"uagb_excerpt":"Welcome to Nimvora, your dedicated portal for exploring and enriching various aspects of modern life. Our mission is to provide inspiring and practical content that empowers our readers to achieve their personal and professional goals. We believe that by sharing knowledge and experiences, we can help you navigate the complexities of the contemporary world and&hellip;","_links":{"self":[{"href":"https:\/\/nimvora.com\/cs\/wp-json\/wp\/v2\/pages\/89"}],"collection":[{"href":"https:\/\/nimvora.com\/cs\/wp-json\/wp\/v2\/pages"}],"about":[{"href":"https:\/\/nimvora.com\/cs\/wp-json\/wp\/v2\/types\/page"}],"author":[{"embeddable":true,"href":"https:\/\/nimvora.com\/cs\/wp-json\/wp\/v2\/users\/40"}],"replies":[{"embeddable":true,"href":"https:\/\/nimvora.com\/cs\/wp-json\/wp\/v2\/comments?post=89"}],"version-history":[{"count":2,"href":"https:\/\/nimvora.com\/cs\/wp-json\/wp\/v2\/pages\/89\/revisions"}],"predecessor-version":[{"id":92,"href":"https:\/\/nimvora.com\/cs\/wp-json\/wp\/v2\/pages\/89\/revisions\/92"}],"wp:attachment":[{"href":"https:\/\/nimvora.com\/cs\/wp-json\/wp\/v2\/media?parent=89"}],"curies":[{"name":"wp","href":"https:\/\/api.w.org\/{rel}","templated":true}]}}